{"id":13,"date":"2015-11-17T21:54:32","date_gmt":"2015-11-17T20:54:32","guid":{"rendered":"http:\/\/tri-bulations.com\/?page_id=13"},"modified":"2017-08-07T20:42:09","modified_gmt":"2017-08-07T18:42:09","slug":"a-propos","status":"publish","type":"page","link":"https:\/\/tri-bulations.com\/index.php\/a-propos\/","title":{"rendered":"A propos"},"content":{"rendered":"<p><a href=\"http:\/\/tri-bulations.com\/wp-content\/uploads\/2016\/08\/P1070384.jpg\"><img loading=\"lazy\" decoding=\"async\" class=\"size-large wp-image-453 aligncenter\" src=\"http:\/\/tri-bulations.com\/wp-content\/uploads\/2016\/08\/P1070384-1024x768.jpg\" alt=\"P1070384\" width=\"700\" height=\"525\" \/><\/a>Bonjour et bienvenue sur le site\u00a0!<\/p>\n<p>Je m\u2019appelle Mathieu et j\u2019ai 31 ans. J\u2019ai cr\u00e9\u00e9 ce blog en 2015 afin de raconter mes diverses exp\u00e9riences de triathl\u00e8te amateur.<\/p>\n<p>Niveau sport, j\u2019\u00e9tais plut\u00f4t actif durant ma jeunesse\u00a0: un peu d\u2019arts martiaux, beaucoup de foot (ma passion de l\u2019\u00e9poque) avec les copains du quartier, de l\u2019Ultimate lors d\u2019une ann\u00e9e \u00e0 la fac en Angleterre\u2026 puis je suis entr\u00e9 dans la vie active et\u2026 plus rien\u00a0! La faute \u00e0 un emploi du temps extr\u00eamement charg\u00e9 (je travaillais six jours par semaine) et \u00e0 une ville (j\u2019habitais Le Caire) pas forc\u00e9ment tr\u00e8s pratique pour faire du sport.<\/p>\n<p>Et puis, apr\u00e8s un an d\u2019inactivit\u00e9 totale, un de mes potes a d\u00e9cid\u00e9 de s\u2019inscrire \u00e0 la Pharaonic Race, une course de 100km en relais \u00e0 5\u00a0(2x10km chacun dans la journ\u00e9e) en Egypte. Il a bien fallu s\u2019entra\u00eener un petit peu, et l\u00e0\u2026 incapable de courir quinze minutes sans s\u2019arr\u00eater, grosse prise de conscience. Deux mois plus tard, j\u2019ai fait le boulot en course, \u00e7a m\u2019a plu et\u2026 je me suis inscrit au Marathon de Prague, six mois plus tard. Autant vous dire que faire un marathon six mois apr\u00e8s avoir repris le sport et avec un programme d\u2019entra\u00eenement plut\u00f4t l\u00e9ger, ce n\u2019\u00e9tait pas l\u2019id\u00e9e la plus brillante du monde\u2026 d\u2019o\u00f9 un temps tr\u00e8s m\u00e9diocre, 4h36, mais l\u2019essentiel \u00e9tait ailleurs, j\u2019avais repris le sport\u00a0!<\/p>\n<p>J\u2019ai donc continu\u00e9 \u00e0 courir les ann\u00e9es suivantes, de mani\u00e8re irr\u00e9guli\u00e8re en fonction des endroits o\u00f9 j\u2019habitais et de mon emploi du temps, principalement des semi-marathons\u00a0: Sharm El Sheikh, Boulogne, Phnom Penh, Siem Reap\u2026<\/p>\n<p>En 2013, j\u2019ai eu envie de faire du triathlon\u00a0! Probl\u00e8me\u00a0: j\u2019\u00e9tais incapable de nager plus d\u2019une longueur (\u2026 de 25m) en crawl sans \u00eatre essoufl\u00e9, je n\u2019avais pas de v\u00e9lo de course et\u2026 je n\u2019\u00e9tais m\u00eame pas s\u00fbr de pouvoir acheter un bon v\u00e9lo de course dans le pays o\u00f9 je me trouvais alors, le Cambodge\u00a0! Il a alors fallu surmonter tous ces petits obstacles, apprendre \u00e0 nager \u00e0 partir d\u2019un programme trouv\u00e9 sur internet, acheter un v\u00e9lo (j\u2019ai finalement trouv\u00e9 un magasin\u00a0!) et prendre des risques sur la route\u2026 et quelques mois plus tard, je terminais mon premier triathlon, le M de Singapour\u00a0!<\/p>\n<p>De retour en France et habitant \u00e0 Lyon depuis 2015, j\u2019ai d\u00e9sormais un peu plus de temps \u00e0 consacrer au tri: j\u2019ai rejoint un club et j&rsquo;ai d\u00e9cid\u00e9 de me mettre \u00e0 bloguer sur ma passion, sans pr\u00e9tention, en esp\u00e9rant juste donner envie \u00e0 d&rsquo;autres personnes de d\u00e9couvrir le triathlon.<\/p>\n<p>J\u2019esp\u00e8re que le site vous plaira, n\u2019h\u00e9sitez pas \u00e0 me faire part de vos commentaires ou suggestions\u00a0!<\/p>\n<p>Afin de suivre l&rsquo;actualit\u00e9 du blog, n&rsquo;h\u00e9sitez pas \u00e0 <a href=\"http:\/\/eepurl.com\/cXtzgb\">vous abonner \u00e0 la newsletter<\/a> ou \u00e0 <a href=\"http:\/\/www.facebook.com\/tribulationstriathlon\/\">me suivre sur Facebook<\/a>! Je publie \u00e9galement de temps en temps des photos sur <a href=\"http:\/\/https\/\/www.instagram.com\/tribulations_triathlon\/\">Instagram<\/a>.<\/p>\n","protected":false},"excerpt":{"rendered":"<p>Bonjour et bienvenue sur le site\u00a0! Je m\u2019appelle Mathieu et j\u2019ai 31 ans. J\u2019ai cr\u00e9\u00e9 ce blog en 2015 afin de raconter mes diverses exp\u00e9riences de triathl\u00e8te amateur. Niveau sport, j\u2019\u00e9tais plut\u00f4t actif durant ma jeunesse\u00a0: un peu d\u2019arts martiaux, beaucoup de foot (ma passion de l\u2019\u00e9poque) avec les copains du quartier, de l\u2019Ultimate lors d\u2019une ann\u00e9e \u00e0 la fac en Angleterre\u2026 puis je suis entr\u00e9 dans la vie active et\u2026 plus rien\u00a0! La faute \u00e0 un emploi du temps extr\u00eamement charg\u00e9 (je travaillais six jours par semaine) et \u00e0 une ville (j\u2019habitais Le Caire) pas forc\u00e9ment tr\u00e8s pratique pour faire du sport. Et puis, apr\u00e8s un an d\u2019inactivit\u00e9 totale, un de mes potes a d\u00e9cid\u00e9 de s\u2019inscrire \u00e0 la Pharaonic Race, une course de 100km en relais \u00e0 5\u00a0(2x10km chacun dans la journ\u00e9e) en Egypte. Il a bien fallu s\u2019entra\u00eener un petit peu, et l\u00e0\u2026 incapable de courir quinze minutes sans s\u2019arr\u00eater, grosse prise de conscience. Deux mois plus tard, j\u2019ai fait le boulot en course, \u00e7a m\u2019a plu et\u2026 je me suis inscrit au Marathon de Prague, six mois plus tard. Autant vous dire que faire un marathon six mois apr\u00e8s avoir repris le sport et avec un<\/p>\n","protected":false},"author":1,"featured_media":0,"parent":0,"menu_order":0,"comment_status":"closed","ping_status":"closed","template":"","meta":{"footnotes":""},"class_list":["post-13","page","type-page","status-publish","hentry"],"yoast_head":"<!-- This site is optimized with the Yoast SEO plugin v27.6 - https:\/\/yoast.com\/product\/yoast-seo-wordpress\/ -->\n<title>A propos - TRIbulations<\/title>\n<meta name=\"robots\" content=\"index, follow, max-snippet:-1, max-image-preview:large, max-video-preview:-1\" \/>\n<link rel=\"canonical\" href=\"https:\/\/tri-bulations.com\/index.php\/a-propos\/\" \/>\n<meta property=\"og:locale\" content=\"fr_FR\" \/>\n<meta property=\"og:type\" content=\"article\" \/>\n<meta property=\"og:title\" content=\"A propos - TRIbulations\" \/>\n<meta property=\"og:description\" content=\"Bonjour et bienvenue sur le site\u00a0! Je m\u2019appelle Mathieu et j\u2019ai 31 ans. J\u2019ai cr\u00e9\u00e9 ce blog en 2015 afin de raconter mes diverses exp\u00e9riences de triathl\u00e8te amateur. Niveau sport, j\u2019\u00e9tais plut\u00f4t actif durant ma jeunesse\u00a0: un peu d\u2019arts martiaux, beaucoup de foot (ma passion de l\u2019\u00e9poque) avec les copains du quartier, de l\u2019Ultimate lors d\u2019une ann\u00e9e \u00e0 la fac en Angleterre\u2026 puis je suis entr\u00e9 dans la vie active et\u2026 plus rien\u00a0! La faute \u00e0 un emploi du temps extr\u00eamement charg\u00e9 (je travaillais six jours par semaine) et \u00e0 une ville (j\u2019habitais Le Caire) pas forc\u00e9ment tr\u00e8s pratique pour faire du sport. Et puis, apr\u00e8s un an d\u2019inactivit\u00e9 totale, un de mes potes a d\u00e9cid\u00e9 de s\u2019inscrire \u00e0 la Pharaonic Race, une course de 100km en relais \u00e0 5\u00a0(2x10km chacun dans la journ\u00e9e) en Egypte. Il a bien fallu s\u2019entra\u00eener un petit peu, et l\u00e0\u2026 incapable de courir quinze minutes sans s\u2019arr\u00eater, grosse prise de conscience. Deux mois plus tard, j\u2019ai fait le boulot en course, \u00e7a m\u2019a plu et\u2026 je me suis inscrit au Marathon de Prague, six mois plus tard. Autant vous dire que faire un marathon six mois apr\u00e8s avoir repris le sport et avec un\" \/>\n<meta property=\"og:url\" content=\"https:\/\/tri-bulations.com\/index.php\/a-propos\/\" \/>\n<meta property=\"og:site_name\" content=\"TRIbulations\" \/>\n<meta property=\"article:modified_time\" content=\"2017-08-07T18:42:09+00:00\" \/>\n<meta property=\"og:image\" content=\"http:\/\/tri-bulations.com\/wp-content\/uploads\/2016\/08\/P1070384-1024x768.jpg\" \/>\n<meta name=\"twitter:card\" content=\"summary_large_image\" \/>\n<meta name=\"twitter:label1\" content=\"Dur\u00e9e de lecture estim\u00e9e\" \/>\n\t<meta name=\"twitter:data1\" content=\"3 minutes\" \/>\n<script type=\"application\/ld+json\" class=\"yoast-schema-graph\">{\"@context\":\"https:\\\/\\\/schema.org\",\"@graph\":[{\"@type\":\"WebPage\",\"@id\":\"https:\\\/\\\/tri-bulations.com\\\/index.php\\\/a-propos\\\/\",\"url\":\"https:\\\/\\\/tri-bulations.com\\\/index.php\\\/a-propos\\\/\",\"name\":\"A propos - TRIbulations\",\"isPartOf\":{\"@id\":\"https:\\\/\\\/tri-bulations.com\\\/#website\"},\"primaryImageOfPage\":{\"@id\":\"https:\\\/\\\/tri-bulations.com\\\/index.php\\\/a-propos\\\/#primaryimage\"},\"image\":{\"@id\":\"https:\\\/\\\/tri-bulations.com\\\/index.php\\\/a-propos\\\/#primaryimage\"},\"thumbnailUrl\":\"http:\\\/\\\/tri-bulations.com\\\/wp-content\\\/uploads\\\/2016\\\/08\\\/P1070384-1024x768.jpg\",\"datePublished\":\"2015-11-17T20:54:32+00:00\",\"dateModified\":\"2017-08-07T18:42:09+00:00\",\"breadcrumb\":{\"@id\":\"https:\\\/\\\/tri-bulations.com\\\/index.php\\\/a-propos\\\/#breadcrumb\"},\"inLanguage\":\"fr-FR\",\"potentialAction\":[{\"@type\":\"ReadAction\",\"target\":[\"https:\\\/\\\/tri-bulations.com\\\/index.php\\\/a-propos\\\/\"]}]},{\"@type\":\"ImageObject\",\"inLanguage\":\"fr-FR\",\"@id\":\"https:\\\/\\\/tri-bulations.com\\\/index.php\\\/a-propos\\\/#primaryimage\",\"url\":\"http:\\\/\\\/tri-bulations.com\\\/wp-content\\\/uploads\\\/2016\\\/08\\\/P1070384-1024x768.jpg\",\"contentUrl\":\"http:\\\/\\\/tri-bulations.com\\\/wp-content\\\/uploads\\\/2016\\\/08\\\/P1070384-1024x768.jpg\"},{\"@type\":\"BreadcrumbList\",\"@id\":\"https:\\\/\\\/tri-bulations.com\\\/index.php\\\/a-propos\\\/#breadcrumb\",\"itemListElement\":[{\"@type\":\"ListItem\",\"position\":1,\"name\":\"Home\",\"item\":\"https:\\\/\\\/tri-bulations.com\\\/\"},{\"@type\":\"ListItem\",\"position\":2,\"name\":\"A propos\"}]},{\"@type\":\"WebSite\",\"@id\":\"https:\\\/\\\/tri-bulations.com\\\/#website\",\"url\":\"https:\\\/\\\/tri-bulations.com\\\/\",\"name\":\"TRIbulations\",\"description\":\"Carnets d&#039;un triathl\u00e8te amateur\",\"potentialAction\":[{\"@type\":\"SearchAction\",\"target\":{\"@type\":\"EntryPoint\",\"urlTemplate\":\"https:\\\/\\\/tri-bulations.com\\\/?s={search_term_string}\"},\"query-input\":{\"@type\":\"PropertyValueSpecification\",\"valueRequired\":true,\"valueName\":\"search_term_string\"}}],\"inLanguage\":\"fr-FR\"}]}<\/script>\n<!-- \/ Yoast SEO plugin. -->","yoast_head_json":{"title":"A propos - TRIbulations","robots":{"index":"index","follow":"follow","max-snippet":"max-snippet:-1","max-image-preview":"max-image-preview:large","max-video-preview":"max-video-preview:-1"},"canonical":"https:\/\/tri-bulations.com\/index.php\/a-propos\/","og_locale":"fr_FR","og_type":"article","og_title":"A propos - TRIbulations","og_description":"Bonjour et bienvenue sur le site\u00a0! Je m\u2019appelle Mathieu et j\u2019ai 31 ans. J\u2019ai cr\u00e9\u00e9 ce blog en 2015 afin de raconter mes diverses exp\u00e9riences de triathl\u00e8te amateur. Niveau sport, j\u2019\u00e9tais plut\u00f4t actif durant ma jeunesse\u00a0: un peu d\u2019arts martiaux, beaucoup de foot (ma passion de l\u2019\u00e9poque) avec les copains du quartier, de l\u2019Ultimate lors d\u2019une ann\u00e9e \u00e0 la fac en Angleterre\u2026 puis je suis entr\u00e9 dans la vie active et\u2026 plus rien\u00a0! La faute \u00e0 un emploi du temps extr\u00eamement charg\u00e9 (je travaillais six jours par semaine) et \u00e0 une ville (j\u2019habitais Le Caire) pas forc\u00e9ment tr\u00e8s pratique pour faire du sport. Et puis, apr\u00e8s un an d\u2019inactivit\u00e9 totale, un de mes potes a d\u00e9cid\u00e9 de s\u2019inscrire \u00e0 la Pharaonic Race, une course de 100km en relais \u00e0 5\u00a0(2x10km chacun dans la journ\u00e9e) en Egypte. Il a bien fallu s\u2019entra\u00eener un petit peu, et l\u00e0\u2026 incapable de courir quinze minutes sans s\u2019arr\u00eater, grosse prise de conscience. Deux mois plus tard, j\u2019ai fait le boulot en course, \u00e7a m\u2019a plu et\u2026 je me suis inscrit au Marathon de Prague, six mois plus tard. Autant vous dire que faire un marathon six mois apr\u00e8s avoir repris le sport et avec un","og_url":"https:\/\/tri-bulations.com\/index.php\/a-propos\/","og_site_name":"TRIbulations","article_modified_time":"2017-08-07T18:42:09+00:00","og_image":[{"url":"http:\/\/tri-bulations.com\/wp-content\/uploads\/2016\/08\/P1070384-1024x768.jpg","type":"","width":"","height":""}],"twitter_card":"summary_large_image","twitter_misc":{"Dur\u00e9e de lecture estim\u00e9e":"3 minutes"},"schema":{"@context":"https:\/\/schema.org","@graph":[{"@type":"WebPage","@id":"https:\/\/tri-bulations.com\/index.php\/a-propos\/","url":"https:\/\/tri-bulations.com\/index.php\/a-propos\/","name":"A propos - TRIbulations","isPartOf":{"@id":"https:\/\/tri-bulations.com\/#website"},"primaryImageOfPage":{"@id":"https:\/\/tri-bulations.com\/index.php\/a-propos\/#primaryimage"},"image":{"@id":"https:\/\/tri-bulations.com\/index.php\/a-propos\/#primaryimage"},"thumbnailUrl":"http:\/\/tri-bulations.com\/wp-content\/uploads\/2016\/08\/P1070384-1024x768.jpg","datePublished":"2015-11-17T20:54:32+00:00","dateModified":"2017-08-07T18:42:09+00:00","breadcrumb":{"@id":"https:\/\/tri-bulations.com\/index.php\/a-propos\/#breadcrumb"},"inLanguage":"fr-FR","potentialAction":[{"@type":"ReadAction","target":["https:\/\/tri-bulations.com\/index.php\/a-propos\/"]}]},{"@type":"ImageObject","inLanguage":"fr-FR","@id":"https:\/\/tri-bulations.com\/index.php\/a-propos\/#primaryimage","url":"http:\/\/tri-bulations.com\/wp-content\/uploads\/2016\/08\/P1070384-1024x768.jpg","contentUrl":"http:\/\/tri-bulations.com\/wp-content\/uploads\/2016\/08\/P1070384-1024x768.jpg"},{"@type":"BreadcrumbList","@id":"https:\/\/tri-bulations.com\/index.php\/a-propos\/#breadcrumb","itemListElement":[{"@type":"ListItem","position":1,"name":"Home","item":"https:\/\/tri-bulations.com\/"},{"@type":"ListItem","position":2,"name":"A propos"}]},{"@type":"WebSite","@id":"https:\/\/tri-bulations.com\/#website","url":"https:\/\/tri-bulations.com\/","name":"TRIbulations","description":"Carnets d&#039;un triathl\u00e8te amateur","potentialAction":[{"@type":"SearchAction","target":{"@type":"EntryPoint","urlTemplate":"https:\/\/tri-bulations.com\/?s={search_term_string}"},"query-input":{"@type":"PropertyValueSpecification","valueRequired":true,"valueName":"search_term_string"}}],"inLanguage":"fr-FR"}]}},"_links":{"self":[{"href":"https:\/\/tri-bulations.com\/index.php\/wp-json\/wp\/v2\/pages\/13","targetHints":{"allow":["GET"]}}],"collection":[{"href":"https:\/\/tri-bulations.com\/index.php\/wp-json\/wp\/v2\/pages"}],"about":[{"href":"https:\/\/tri-bulations.com\/index.php\/wp-json\/wp\/v2\/types\/page"}],"author":[{"embeddable":true,"href":"https:\/\/tri-bulations.com\/index.php\/wp-json\/wp\/v2\/users\/1"}],"replies":[{"embeddable":true,"href":"https:\/\/tri-bulations.com\/index.php\/wp-json\/wp\/v2\/comments?post=13"}],"version-history":[{"count":7,"href":"https:\/\/tri-bulations.com\/index.php\/wp-json\/wp\/v2\/pages\/13\/revisions"}],"predecessor-version":[{"id":792,"href":"https:\/\/tri-bulations.com\/index.php\/wp-json\/wp\/v2\/pages\/13\/revisions\/792"}],"wp:attachment":[{"href":"https:\/\/tri-bulations.com\/index.php\/wp-json\/wp\/v2\/media?parent=13"}],"curies":[{"name":"wp","href":"https:\/\/api.w.org\/{rel}","templated":true}]}}